{"id":31,"date":"2011-01-10T11:32:32","date_gmt":"2011-01-10T11:32:32","guid":{"rendered":"http:\/\/diekseelauf.de\/neu\/?page_id=31"},"modified":"2025-10-16T16:25:58","modified_gmt":"2025-10-16T16:25:58","slug":"region","status":"publish","type":"page","link":"https:\/\/www.diekseelauf.de\/?page_id=31","title":{"rendered":"Region"},"content":{"rendered":"<div class=\"wp-block-image\">\n<figure class=\"alignright\"><img decoding=\"async\" src=\"http:\/\/diekseelauf.de\/images\/malente-logo.jpg\" alt=\"\" title=\"Malente-Logo\"\/><\/figure>\n<\/div>\n\n\n<p>Es erwartet euch eine herrliche, eiszeitlich gepr\u00e4gte Region: die Holsteinische Schweiz. Ein sanfth\u00fcgeliges Land der Seen, W\u00e4lder und fruchtbaren Felder. Ein Land, das schon seit den Anf\u00e4ngen des Tourismus Menschen von weit her aufgrund seiner reizvollen Landschaft, seiner h\u00fcbschen Ortschaften und seiner gesunden Luft anzieht. <\/p>\n\n\n\n<p><\/p>\n\n\n\n<p>Weitere Infos:<br><a href=\"http:\/\/www.malente.de\/\">http:\/\/www.malente.de\/<\/a><br> <a href=\"http:\/\/www.naturpark-holsteinische-schweiz.de\/\" target=\"_blank\">www.naturpark-holsteinische-schweiz.de<\/a><br> <a href=\"http:\/\/www.holsteinischeschweiz.de\/\" target=\"_blank\">www.holsteinischeschweiz.de<\/a>!<\/p>\n\n\n\n<p><\/p>\n","protected":false},"excerpt":{"rendered":"<p>Es erwartet euch eine herrliche, eiszeitlich gepr\u00e4gte Region: die Holsteinische Schweiz. Ein sanfth\u00fcgeliges Land der Seen, W\u00e4lder und fruchtbaren Felder. Ein Land, das schon seit den Anf\u00e4ngen des Tourismus Menschen von weit her aufgrund seiner reizvollen Landschaft, seiner h\u00fcbschen Ortschaften und seiner gesunden Luft anzieht. Weitere Infos:http:\/\/www.malente.de\/ www.naturpark-holsteinische-schweiz.de www.holsteinischeschweiz.de!<\/p>\n","protected":false},"author":3,"featured_media":0,"parent":0,"menu_order":5,"comment_status":"closed","ping_status":"closed","template":"","meta":{"footnotes":""},"class_list":["post-31","page","type-page","status-publish","czr-hentry"],"_links":{"self":[{"href":"https:\/\/www.diekseelauf.de\/index.php?rest_route=\/wp\/v2\/pages\/31","targetHints":{"allow":["GET"]}}],"collection":[{"href":"https:\/\/www.diekseelauf.de\/index.php?rest_route=\/wp\/v2\/pages"}],"about":[{"href":"https:\/\/www.diekseelauf.de\/index.php?rest_route=\/wp\/v2\/types\/page"}],"author":[{"embeddable":true,"href":"https:\/\/www.diekseelauf.de\/index.php?rest_route=\/wp\/v2\/users\/3"}],"replies":[{"embeddable":true,"href":"https:\/\/www.diekseelauf.de\/index.php?rest_route=%2Fwp%2Fv2%2Fcomments&post=31"}],"version-history":[{"count":6,"href":"https:\/\/www.diekseelauf.de\/index.php?rest_route=\/wp\/v2\/pages\/31\/revisions"}],"predecessor-version":[{"id":278,"href":"https:\/\/www.diekseelauf.de\/index.php?rest_route=\/wp\/v2\/pages\/31\/revisions\/278"}],"wp:attachment":[{"href":"https:\/\/www.diekseelauf.de\/index.php?rest_route=%2Fwp%2Fv2%2Fmedia&parent=31"}],"curies":[{"name":"wp","href":"https:\/\/api.w.org\/{rel}","templated":true}]}}