{"id":25,"date":"2011-01-10T11:28:59","date_gmt":"2011-01-10T11:28:59","guid":{"rendered":"http:\/\/diekseelauf.de\/neu\/?page_id=25"},"modified":"2025-10-16T16:25:12","modified_gmt":"2025-10-16T16:25:12","slug":"zeitmessung","status":"publish","type":"page","link":"https:\/\/www.diekseelauf.de\/?page_id=25","title":{"rendered":"Zeitmessung"},"content":{"rendered":"<p>Die Zeitmessung erfolgt mittels Startnummer, in die ein Transponder eingearbeitet ist.<\/p>\n<p>Am Start und im Ziel laufen die Teilnehmenden \u00fcber eine Matte, wodurch Zeit und Startnummer registriert werden. Es m\u00fcssen keine Hindernisse wie Tore o.\u00e4. durchlaufen werden.<\/p>\n<p>In dem Transponder sind keine pers\u00f6nlichen Daten gespeichert.<\/p>\n<p>Eine Wertung kann nur erfolgen, wenn die Startnummer <strong>deutlich sichtbar<\/strong> vorne angebracht wird.<\/p>\n<p>&nbsp;<\/p>\n<p style=\"text-align: center;\">\n","protected":false},"excerpt":{"rendered":"<p>Die Zeitmessung erfolgt mittels Startnummer, in die ein Transponder eingearbeitet ist. Am Start und im Ziel laufen die Teilnehmenden \u00fcber eine Matte, wodurch Zeit und Startnummer registriert werden. Es m\u00fcssen keine Hindernisse wie Tore o.\u00e4. durchlaufen werden. In dem Transponder sind keine pers\u00f6nlichen Daten gespeichert. Eine Wertung kann nur erfolgen, wenn die Startnummer deutlich sichtbar [&hellip;]<\/p>\n","protected":false},"author":3,"featured_media":0,"parent":0,"menu_order":2,"comment_status":"closed","ping_status":"closed","template":"","meta":{"footnotes":""},"class_list":["post-25","page","type-page","status-publish","czr-hentry"],"_links":{"self":[{"href":"https:\/\/www.diekseelauf.de\/index.php?rest_route=\/wp\/v2\/pages\/25","targetHints":{"allow":["GET"]}}],"collection":[{"href":"https:\/\/www.diekseelauf.de\/index.php?rest_route=\/wp\/v2\/pages"}],"about":[{"href":"https:\/\/www.diekseelauf.de\/index.php?rest_route=\/wp\/v2\/types\/page"}],"author":[{"embeddable":true,"href":"https:\/\/www.diekseelauf.de\/index.php?rest_route=\/wp\/v2\/users\/3"}],"replies":[{"embeddable":true,"href":"https:\/\/www.diekseelauf.de\/index.php?rest_route=%2Fwp%2Fv2%2Fcomments&post=25"}],"version-history":[{"count":4,"href":"https:\/\/www.diekseelauf.de\/index.php?rest_route=\/wp\/v2\/pages\/25\/revisions"}],"predecessor-version":[{"id":307,"href":"https:\/\/www.diekseelauf.de\/index.php?rest_route=\/wp\/v2\/pages\/25\/revisions\/307"}],"wp:attachment":[{"href":"https:\/\/www.diekseelauf.de\/index.php?rest_route=%2Fwp%2Fv2%2Fmedia&parent=25"}],"curies":[{"name":"wp","href":"https:\/\/api.w.org\/{rel}","templated":true}]}}