{"id":22,"date":"2025-03-28T19:35:00","date_gmt":"2025-03-28T19:35:00","guid":{"rendered":"http:\/\/diekseelauf.de\/neu\/?page_id=22"},"modified":"2025-03-30T18:23:53","modified_gmt":"2025-03-30T18:23:53","slug":"anfahrt","status":"publish","type":"page","link":"https:\/\/www.diekseelauf.de\/?page_id=22","title":{"rendered":"Anfahrt"},"content":{"rendered":"<p><strong>Aus Richtung Eutin<\/strong><br \/>\nAm Ortseingang Malente nach links abbiegen (hinter den 2  Tankstellen, \u00fcber den Bahn\u00fcbergang), dem Verlauf der Stra\u00dfe folgen bis  zur Gremsm\u00fchle\/Intermar. Hier beginnt die Diekseepromenade, an der das  Ziel gelegen ist.<\/p>\n<p><strong>Aus Richtung Pl\u00f6n<br \/>\n<\/strong>Am Ortseingang Malente der Stra\u00dfe folgen bis zur  Gremsm\u00fchle\/Intermar. Hier beginnt die Diekseepromenade, an der das Ziel  gelegen ist.<\/p>\n<p><strong>Aus Richtung L\u00fctjenburg<br \/>\n<\/strong>Der Stra\u00dfe in Richtung Ortszentrum folgen, in die  Bahnhofstra\u00dfe einbiegen und der Stra\u00dfe bis zur Gremsm\u00fchle\/Intermar  folgen. Hier beginnt die Diekseepromenade, an der das Ziel gelegen ist.<\/p>\n<p><strong>Parkpl\u00e4tze<\/strong><br \/>\nEs gibt verschiedene Parkm\u00f6glichkeiten in der N\u00e4he der Diekseepromenade<br \/>\n&#8211; Parkhaus Eutiner Stra\u00dfe<br \/>\n&#8211; Parkplatz Frahmsallee<br \/>\n&#8211; Parkplatz Bahnhof Malente<br \/>\nsiehe Anfahrtskarte<\/p>\n<p><a href=\"http:\/\/diekseelauf.de\/images\/anreise.gif\" rel=\"lightbox[22]\"><img loading=\"lazy\" decoding=\"async\" src=\"..\/..\/images\/anreise_tn.gif\" alt=\"Anfahrtsplan\" width=\"206\" height=\"256\" \/><\/a><\/p>\n<p>ein Klick auf das Bild \u00f6ffnet eine gr\u00f6\u00dfere Ansicht<\/p>\n","protected":false},"excerpt":{"rendered":"<p>Aus Richtung Eutin Am Ortseingang Malente nach links abbiegen (hinter den 2 Tankstellen, \u00fcber den Bahn\u00fcbergang), dem Verlauf der Stra\u00dfe folgen bis zur Gremsm\u00fchle\/Intermar. Hier beginnt die Diekseepromenade, an der das Ziel gelegen ist. Aus Richtung Pl\u00f6n Am Ortseingang Malente der Stra\u00dfe folgen bis zur Gremsm\u00fchle\/Intermar. Hier beginnt die Diekseepromenade, an der das Ziel gelegen [&hellip;]<\/p>\n","protected":false},"author":3,"featured_media":0,"parent":0,"menu_order":4,"comment_status":"closed","ping_status":"closed","template":"","meta":{"footnotes":""},"class_list":["post-22","page","type-page","status-publish","czr-hentry"],"_links":{"self":[{"href":"https:\/\/www.diekseelauf.de\/index.php?rest_route=\/wp\/v2\/pages\/22","targetHints":{"allow":["GET"]}}],"collection":[{"href":"https:\/\/www.diekseelauf.de\/index.php?rest_route=\/wp\/v2\/pages"}],"about":[{"href":"https:\/\/www.diekseelauf.de\/index.php?rest_route=\/wp\/v2\/types\/page"}],"author":[{"embeddable":true,"href":"https:\/\/www.diekseelauf.de\/index.php?rest_route=\/wp\/v2\/users\/3"}],"replies":[{"embeddable":true,"href":"https:\/\/www.diekseelauf.de\/index.php?rest_route=%2Fwp%2Fv2%2Fcomments&post=22"}],"version-history":[{"count":3,"href":"https:\/\/www.diekseelauf.de\/index.php?rest_route=\/wp\/v2\/pages\/22\/revisions"}],"predecessor-version":[{"id":279,"href":"https:\/\/www.diekseelauf.de\/index.php?rest_route=\/wp\/v2\/pages\/22\/revisions\/279"}],"wp:attachment":[{"href":"https:\/\/www.diekseelauf.de\/index.php?rest_route=%2Fwp%2Fv2%2Fmedia&parent=22"}],"curies":[{"name":"wp","href":"https:\/\/api.w.org\/{rel}","templated":true}]}}